{"id":789,"date":"2022-10-12T21:59:57","date_gmt":"2022-10-12T21:59:57","guid":{"rendered":"https:\/\/marketingdorivadepaula.com.br\/?page_id=789"},"modified":"2024-02-09T00:20:52","modified_gmt":"2024-02-09T00:20:52","slug":"contato","status":"publish","type":"page","link":"https:\/\/marketingdorivadepaula.com.br\/?page_id=789","title":{"rendered":"CONTATO"},"content":{"rendered":"\n<p>  Para d\u00favidas ou requerimento de mais informa\u00e7\u00f5es, enviar e-mail para:@marketingdorivadepaula.com.br     ou entrar em contato seguindo no Instagram:@jjonatanh<\/p>\n","protected":false},"excerpt":{"rendered":"<p>Para d\u00favidas ou requerimento de mais informa\u00e7\u00f5es, enviar e-mail para:@marketingdorivadepaula.com.br ou entrar em contato seguindo no Instagram:@jjonatanh<\/p>\n","protected":false},"author":1,"featured_media":0,"parent":0,"menu_order":0,"comment_status":"closed","ping_status":"closed","template":"","meta":[],"yoast_head":"<!-- This site is optimized with the Yoast SEO plugin v20.6 - https:\/\/yoast.com\/wordpress\/plugins\/seo\/ -->\n<title>CONTATO - Marketing do Riva de Paula<\/title>\n<meta name=\"robots\" content=\"index, follow, max-snippet:-1, max-image-preview:large, max-video-preview:-1\" \/>\n<link rel=\"canonical\" href=\"https:\/\/marketingdorivadepaula.com.br\/?page_id=789\" \/>\n<meta property=\"og:locale\" content=\"pt_BR\" \/>\n<meta property=\"og:type\" content=\"article\" \/>\n<meta property=\"og:title\" content=\"CONTATO - Marketing do Riva de Paula\" \/>\n<meta property=\"og:description\" content=\"Para d\u00favidas ou requerimento de mais informa\u00e7\u00f5es, enviar e-mail para:@marketingdorivadepaula.com.br ou entrar em contato seguindo no Instagram:@jjonatanh\" \/>\n<meta property=\"og:url\" content=\"https:\/\/marketingdorivadepaula.com.br\/?page_id=789\" \/>\n<meta property=\"og:site_name\" content=\"Marketing do Riva de Paula\" \/>\n<meta property=\"article:modified_time\" content=\"2024-02-09T00:20:52+00:00\" \/>\n<meta name=\"twitter:card\" content=\"summary_large_image\" \/>\n<meta name=\"twitter:label1\" content=\"Est. tempo de leitura\" \/>\n\t<meta name=\"twitter:data1\" content=\"1 minuto\" \/>\n<script type=\"application\/ld+json\" class=\"yoast-schema-graph\">{\"@context\":\"https:\/\/schema.org\",\"@graph\":[{\"@type\":\"WebPage\",\"@id\":\"https:\/\/marketingdorivadepaula.com.br\/?page_id=789\",\"url\":\"https:\/\/marketingdorivadepaula.com.br\/?page_id=789\",\"name\":\"CONTATO - Marketing do Riva de Paula\",\"isPartOf\":{\"@id\":\"https:\/\/marketingdorivadepaula.com.br\/#website\"},\"datePublished\":\"2022-10-12T21:59:57+00:00\",\"dateModified\":\"2024-02-09T00:20:52+00:00\",\"breadcrumb\":{\"@id\":\"https:\/\/marketingdorivadepaula.com.br\/?page_id=789#breadcrumb\"},\"inLanguage\":\"pt-BR\",\"potentialAction\":[{\"@type\":\"ReadAction\",\"target\":[\"https:\/\/marketingdorivadepaula.com.br\/?page_id=789\"]}]},{\"@type\":\"BreadcrumbList\",\"@id\":\"https:\/\/marketingdorivadepaula.com.br\/?page_id=789#breadcrumb\",\"itemListElement\":[{\"@type\":\"ListItem\",\"position\":1,\"name\":\"In\u00edcio\",\"item\":\"https:\/\/marketingdorivadepaula.com.br\/\"},{\"@type\":\"ListItem\",\"position\":2,\"name\":\"CONTATO\"}]},{\"@type\":\"WebSite\",\"@id\":\"https:\/\/marketingdorivadepaula.com.br\/#website\",\"url\":\"https:\/\/marketingdorivadepaula.com.br\/\",\"name\":\"Marketing do Riva de Paula\",\"description\":\"Blog\",\"publisher\":{\"@id\":\"https:\/\/marketingdorivadepaula.com.br\/#organization\"},\"potentialAction\":[{\"@type\":\"SearchAction\",\"target\":{\"@type\":\"EntryPoint\",\"urlTemplate\":\"https:\/\/marketingdorivadepaula.com.br\/?s={search_term_string}\"},\"query-input\":\"required name=search_term_string\"}],\"inLanguage\":\"pt-BR\"},{\"@type\":\"Organization\",\"@id\":\"https:\/\/marketingdorivadepaula.com.br\/#organization\",\"name\":\"Marketing do Riva de Paula\",\"url\":\"https:\/\/marketingdorivadepaula.com.br\/\",\"logo\":{\"@type\":\"ImageObject\",\"inLanguage\":\"pt-BR\",\"@id\":\"https:\/\/marketingdorivadepaula.com.br\/#\/schema\/logo\/image\/\",\"url\":\"https:\/\/marketingdorivadepaula.com.br\/wp-content\/uploads\/2022\/10\/cropped-logo-original.jpeg\",\"contentUrl\":\"https:\/\/marketingdorivadepaula.com.br\/wp-content\/uploads\/2022\/10\/cropped-logo-original.jpeg\",\"width\":500,\"height\":500,\"caption\":\"Marketing do Riva de Paula\"},\"image\":{\"@id\":\"https:\/\/marketingdorivadepaula.com.br\/#\/schema\/logo\/image\/\"}}]}<\/script>\n<!-- \/ Yoast SEO plugin. -->","yoast_head_json":{"title":"CONTATO - Marketing do Riva de Paula","robots":{"index":"index","follow":"follow","max-snippet":"max-snippet:-1","max-image-preview":"max-image-preview:large","max-video-preview":"max-video-preview:-1"},"canonical":"https:\/\/marketingdorivadepaula.com.br\/?page_id=789","og_locale":"pt_BR","og_type":"article","og_title":"CONTATO - Marketing do Riva de Paula","og_description":"Para d\u00favidas ou requerimento de mais informa\u00e7\u00f5es, enviar e-mail para:@marketingdorivadepaula.com.br ou entrar em contato seguindo no Instagram:@jjonatanh","og_url":"https:\/\/marketingdorivadepaula.com.br\/?page_id=789","og_site_name":"Marketing do Riva de Paula","article_modified_time":"2024-02-09T00:20:52+00:00","twitter_card":"summary_large_image","twitter_misc":{"Est. tempo de leitura":"1 minuto"},"schema":{"@context":"https:\/\/schema.org","@graph":[{"@type":"WebPage","@id":"https:\/\/marketingdorivadepaula.com.br\/?page_id=789","url":"https:\/\/marketingdorivadepaula.com.br\/?page_id=789","name":"CONTATO - Marketing do Riva de Paula","isPartOf":{"@id":"https:\/\/marketingdorivadepaula.com.br\/#website"},"datePublished":"2022-10-12T21:59:57+00:00","dateModified":"2024-02-09T00:20:52+00:00","breadcrumb":{"@id":"https:\/\/marketingdorivadepaula.com.br\/?page_id=789#breadcrumb"},"inLanguage":"pt-BR","potentialAction":[{"@type":"ReadAction","target":["https:\/\/marketingdorivadepaula.com.br\/?page_id=789"]}]},{"@type":"BreadcrumbList","@id":"https:\/\/marketingdorivadepaula.com.br\/?page_id=789#breadcrumb","itemListElement":[{"@type":"ListItem","position":1,"name":"In\u00edcio","item":"https:\/\/marketingdorivadepaula.com.br\/"},{"@type":"ListItem","position":2,"name":"CONTATO"}]},{"@type":"WebSite","@id":"https:\/\/marketingdorivadepaula.com.br\/#website","url":"https:\/\/marketingdorivadepaula.com.br\/","name":"Marketing do Riva de Paula","description":"Blog","publisher":{"@id":"https:\/\/marketingdorivadepaula.com.br\/#organization"},"potentialAction":[{"@type":"SearchAction","target":{"@type":"EntryPoint","urlTemplate":"https:\/\/marketingdorivadepaula.com.br\/?s={search_term_string}"},"query-input":"required name=search_term_string"}],"inLanguage":"pt-BR"},{"@type":"Organization","@id":"https:\/\/marketingdorivadepaula.com.br\/#organization","name":"Marketing do Riva de Paula","url":"https:\/\/marketingdorivadepaula.com.br\/","logo":{"@type":"ImageObject","inLanguage":"pt-BR","@id":"https:\/\/marketingdorivadepaula.com.br\/#\/schema\/logo\/image\/","url":"https:\/\/marketingdorivadepaula.com.br\/wp-content\/uploads\/2022\/10\/cropped-logo-original.jpeg","contentUrl":"https:\/\/marketingdorivadepaula.com.br\/wp-content\/uploads\/2022\/10\/cropped-logo-original.jpeg","width":500,"height":500,"caption":"Marketing do Riva de Paula"},"image":{"@id":"https:\/\/marketingdorivadepaula.com.br\/#\/schema\/logo\/image\/"}}]}},"_links":{"self":[{"href":"https:\/\/marketingdorivadepaula.com.br\/index.php?rest_route=\/wp\/v2\/pages\/789"}],"collection":[{"href":"https:\/\/marketingdorivadepaula.com.br\/index.php?rest_route=\/wp\/v2\/pages"}],"about":[{"href":"https:\/\/marketingdorivadepaula.com.br\/index.php?rest_route=\/wp\/v2\/types\/page"}],"author":[{"embeddable":true,"href":"https:\/\/marketingdorivadepaula.com.br\/index.php?rest_route=\/wp\/v2\/users\/1"}],"replies":[{"embeddable":true,"href":"https:\/\/marketingdorivadepaula.com.br\/index.php?rest_route=%2Fwp%2Fv2%2Fcomments&post=789"}],"version-history":[{"count":3,"href":"https:\/\/marketingdorivadepaula.com.br\/index.php?rest_route=\/wp\/v2\/pages\/789\/revisions"}],"predecessor-version":[{"id":884,"href":"https:\/\/marketingdorivadepaula.com.br\/index.php?rest_route=\/wp\/v2\/pages\/789\/revisions\/884"}],"wp:attachment":[{"href":"https:\/\/marketingdorivadepaula.com.br\/index.php?rest_route=%2Fwp%2Fv2%2Fmedia&parent=789"}],"curies":[{"name":"wp","href":"https:\/\/api.w.org\/{rel}","templated":true}]}}